{"id":12027,"date":"2025-10-14T07:42:43","date_gmt":"2025-10-14T07:42:43","guid":{"rendered":"https:\/\/hotdeto.com\/?post_type=product&#038;p=12027"},"modified":"2025-11-07T17:23:27","modified_gmt":"2025-11-07T17:23:27","slug":"hsk-level-5-complete-course-materials-133-images-35-sets-of-real-exams-upper-lower-workbooks-ppts-lesson-plans-listening-textbooks-exam-guides-vocab-syllabus-teacher-student-resources","status":"publish","type":"product","link":"https:\/\/hotdeto.com\/fr\/produit\/hsk-level-5-complete-course-materials-133-images-35-sets-of-real-exams-upper-lower-workbooks-ppts-lesson-plans-listening-textbooks-exam-guides-vocab-syllabus-teacher-student-resources\/","title":{"rendered":"Mat\u00e9riel de cours complet HSK niveau 5 | 133 images + 35 s\u00e9ries d'examens r\u00e9els + cahiers d'exercices sup\u00e9rieurs et inf\u00e9rieurs\/PPT\/plans de cours + manuels d'\u00e9coute + guides d'examen + vocabulaire\/syllabus + ressources pour enseignants\/\u00e9tudiants - Couverture compl\u00e8te pour l'enseignement et la pr\u00e9paration \u00e0 l'examen."},"content":{"rendered":"<p>Ce produit est un ensemble de mat\u00e9riel de cours complet con\u00e7u pour le HSK niveau 5 (stade avanc\u00e9 de l'examen de comp\u00e9tence en chinois). Il int\u00e8gre des ressources pour \"la mise en \u0153uvre de l'enseignement, la consolidation de l'apprentissage et la pr\u00e9paration \u00e0 l'examen\", couvrant le contenu syst\u00e9matique des volumes sup\u00e9rieurs et inf\u00e9rieurs. Il r\u00e9pond \u00e0 tous les besoins en mati\u00e8re d'enseignement et de pr\u00e9paration \u00e0 l'examen HSK niveau 5, des outils d'enseignement pour les instructeurs aux supports d'auto-apprentissage pour les apprenants, et de l'accumulation des connaissances de base \u00e0 la pratique r\u00e9elle de l'examen, aidant les utilisateurs \u00e0 ma\u00eetriser efficacement les connaissances de base et \u00e0 am\u00e9liorer l'application globale du chinois et les capacit\u00e9s \u00e0 passer l'examen.<br \/>\n1. Ressources p\u00e9dagogiques de base : Rendre l'enseignement plus professionnel<br \/>\nHSK5 Upper &amp; Lower PPTs : Align\u00e9s sur les unit\u00e9s de cours du HSK niveau 5 sup\u00e9rieur et inf\u00e9rieur (par exemple, \"Recherche acad\u00e9mique\", \"Communication culturelle\", \"Gouvernance sociale\"), ils comprennent une discrimination des caract\u00e8res chinois multi-sens, une analyse syst\u00e9matique de la grammaire complexe et un support de cas bas\u00e9 sur des sc\u00e9narios. Les modules cl\u00e9s sont marqu\u00e9s de mani\u00e8re dynamique et peuvent \u00eatre directement projet\u00e9s ou personnalis\u00e9s, ce qui am\u00e9liore consid\u00e9rablement l'efficacit\u00e9 de la pr\u00e9paration des cours par les enseignants.<br \/>\nLe\u00e7ons de d\u00e9monstration HSK (5 volumes) : Les 5 volumes de le\u00e7ons de d\u00e9monstration couvrent tous les points cl\u00e9s des unit\u00e9s du HSK niveau 5. Chaque le\u00e7on est accompagn\u00e9e de strat\u00e9gies d'enseignement et de plans interactifs. Les enseignants peuvent s'y r\u00e9f\u00e9rer directement pour diff\u00e9rencier l'enseignement, ce qui permet de cr\u00e9er des classes approfondies.<br \/>\nHSK5 Upper &amp; Lower Lesson Plans + Teacher's Books : Les plans de cours comprennent des objectifs p\u00e9dagogiques d\u00e9taill\u00e9s, des proc\u00e9dures et des dimensions d'\u00e9valuation. Les livres de l'enseignant fournissent des pistes d'extension des points de connaissance et des conceptions d'activit\u00e9s en classe, aidant les enseignants \u00e0 contr\u00f4ler le rythme de l'enseignement et \u00e0 am\u00e9liorer le professionnalisme de l'enseignement.<br \/>\n2. Ressources \u00e9ducatives de base : Rendre l'avancement plus solide<br \/>\nManuels de l'\u00e9tudiant (HSK Standard Course 5 Upper &amp; Lower.pdf) : Conform\u00e9ment au programme de l'examen HSK niveau 5, ils mettent l'accent sur l'apprentissage bas\u00e9 sur les t\u00e2ches et les recherches. Ils couvrent plus de 1700 caract\u00e8res chinois, plus de 200 mod\u00e8les de phrases complexes et plus de 300 dialogues pratiques. Ils sont accompagn\u00e9s d'illustrations culturelles et de notes de grammaire, ce qui renforce le caract\u00e8re syst\u00e9matique et acad\u00e9mique de l'apprentissage.<br \/>\nHSK Level 5 Upper &amp; Lower Listening Textbooks + Listening Audio (New HSK Level 5 Sample Listening Audio MP3.wma) : Ax\u00e9s sur des sc\u00e9narios d'\u00e9coute fr\u00e9quents du HSK niveau 5 (par exemple, forums acad\u00e9miques, n\u00e9gociations commerciales, s\u00e9minaires culturels), ils comprennent des textes d'\u00e9coute, des scripts audio et des analyses pragmatiques. Ils aident les \u00e9tudiants \u00e0 s'adapter \u00e0 un rythme d'\u00e9coute moyen \u00e0 \u00e9lev\u00e9 et \u00e0 am\u00e9liorer la pr\u00e9cision et la rapidit\u00e9 de la compr\u00e9hension orale.<br \/>\nHSK Niveau 5 Images (133) + HSK5 Vocabulaire.pdf : Le vocabulaire de base du HSK niveau 5 est organis\u00e9 par unit\u00e9, avec des images bas\u00e9es sur des sc\u00e9narios pour faciliter la m\u00e9morisation. Le manuel de vocabulaire inclut le pinyin, la partie du discours, des explications multi-sens, et des exemples de phrases de collocation, favorisant une m\u00e9morisation efficace dans un temps fragment\u00e9 et solidifiant les bases du vocabulaire.<br \/>\n3. Ressources Exam Sprint : Rendre la r\u00e9ussite \u00e0 l'examen plus s\u00fbre<br \/>\nCahiers d'exercices (HSK5 Upper &amp; Lower Workbooks.pdf + Answers) : Chaque unit\u00e9 est accompagn\u00e9e d'exercices cibl\u00e9s (par exemple, discrimination de caract\u00e8res chinois, traduction de phrases longues et complexes, r\u00e9daction de paragraphes). Les r\u00e9ponses sont accompagn\u00e9es d'explications d\u00e9taill\u00e9es. Les \u00e9tudiants peuvent auto-\u00e9valuer leurs effets d'apprentissage et identifier et combler leurs lacunes en temps voulu.<br \/>\nExamens blancs + examens r\u00e9els (35 s\u00e9ries d'examens r\u00e9els HSK niveau 5 + 32 s\u00e9ries d'examens r\u00e9els HSK) : Les examens blancs sont align\u00e9s sur les types de questions de l'examen HSK niveau 5 (\u00e9coute, lecture, \u00e9criture). Les examens r\u00e9els comprennent des questions et des r\u00e9ponses d'examen originales et r\u00e9centes, ce qui permet aux \u00e9tudiants de se familiariser avec la difficult\u00e9 de l'examen et les r\u00e8gles de proposition, et d'am\u00e9liorer leurs comp\u00e9tences en mati\u00e8re d'examen.<br \/>\nGuides d'examen (HSK5 Reading\/Listening\/Writing Exam Guides) : Ils analysent les difficult\u00e9s de l'examen, les strat\u00e9gies de r\u00e9ponse et les comp\u00e9tences par module, ce qui permet d'\u00e9liminer les goulets d'\u00e9tranglement des scores \u00e9lev\u00e9s pour chaque type de question.<br \/>\nSyllabus d'examen (New HSK Level 5 Syllabus, Vocab &amp; Grammar, Sample Papers.pdf + HSK Level 5 Exam Syllabus.pdf) : Il clarifie le champ d'application de l'examen HSK niveau 5, les scores des types de questions et les exigences en mati\u00e8re de comp\u00e9tences, ce qui permet de mieux cibler l'enseignement et l'apprentissage et d'\u00e9viter les zones d'ombre de la pr\u00e9paration.<br \/>\nQue vous soyez un professeur de chinois enseignant le HSK niveau 5 (ayant besoin d'un ensemble complet d'outils p\u00e9dagogiques) ou un apprenant pr\u00e9parant le HSK niveau 5 (ayant besoin d'un mat\u00e9riel d'apprentissage et de pratique syst\u00e9matique), cet ensemble peut vous fournir un soutien complet, du \"progr\u00e8s avanc\u00e9\" \u00e0 la \"r\u00e9ussite \u00e0 l'examen\". Un seul ensemble r\u00e9pond \u00e0 tous vos besoins d'apprentissage et d'enseignement pour le HSK niveau 5 !<\/p>","protected":false},"excerpt":{"rendered":"<p>Ce produit est un ensemble de mat\u00e9riel de cours complet con\u00e7u pour le HSK niveau 5 (stade avanc\u00e9 de l'examen de comp\u00e9tence en chinois). Il int\u00e8gre des ressources pour \"la mise en \u0153uvre de l'enseignement, la consolidation de l'apprentissage et la pr\u00e9paration \u00e0 l'examen\", couvrant le contenu syst\u00e9matique des volumes sup\u00e9rieurs et inf\u00e9rieurs. Il r\u00e9pond \u00e0 tous les besoins en mati\u00e8re d'enseignement et de pr\u00e9paration \u00e0 l'examen HSK niveau 5, des outils d'enseignement pour les instructeurs aux supports d'auto-apprentissage pour les apprenants, et de l'accumulation des connaissances de base \u00e0 la pratique r\u00e9elle de l'examen, aidant les utilisateurs \u00e0 ma\u00eetriser efficacement les connaissances de base et \u00e0 am\u00e9liorer l'application globale du chinois et les capacit\u00e9s \u00e0 passer l'examen.<\/p>","protected":false},"featured_media":12036,"comment_status":"open","ping_status":"closed","template":"","meta":{"_kad_blocks_custom_css":"","_kad_blocks_head_custom_js":"","_kad_blocks_body_custom_js":"","_kad_blocks_footer_custom_js":"","site-sidebar-layout":"default","site-content-layout":"","ast-site-content-layout":"default","site-content-style":"default","site-sidebar-style":"default","ast-global-header-display":"","ast-banner-title-visibility":"","ast-main-header-display":"","ast-hfb-above-header-display":"","ast-hfb-below-header-display":"","ast-hfb-mobile-header-display":"","site-post-title":"","ast-breadcrumbs-content":"","ast-featured-img":"","footer-sml-layout":"","theme-transparent-header-meta":"default","adv-header-id-meta":"","stick-header-meta":"","header-above-stick-meta":"","header-main-stick-meta":"","header-below-stick-meta":"","astra-migrate-meta-layouts":"set","ast-page-background-enabled":"default","ast-page-background-meta":{"desktop":{"background-color":"var(--ast-global-color-4)","background-image":"","background-repeat":"repeat","background-position":"center center","background-size":"auto","background-attachment":"scroll","background-type":"","background-media":"","overlay-type":"","overlay-color":"","overlay-opacity":"","overlay-gradient":""},"tablet":{"background-color":"","background-image":"","background-repeat":"repeat","background-position":"center center","background-size":"auto","background-attachment":"scroll","background-type":"","background-media":"","overlay-type":"","overlay-color":"","overlay-opacity":"","overlay-gradient":""},"mobile":{"background-color":"","background-image":"","background-repeat":"repeat","background-position":"center center","background-size":"auto","background-attachment":"scroll","background-type":"","background-media":"","overlay-type":"","overlay-color":"","overlay-opacity":"","overlay-gradient":""}},"ast-content-background-meta":{"desktop":{"background-color":"var(--ast-global-color-5)","background-image":"","background-repeat":"repeat","background-position":"center center","background-size":"auto","background-attachment":"scroll","background-type":"","background-media":"","overlay-type":"","overlay-color":"","overlay-opacity":"","overlay-gradient":""},"tablet":{"background-color":"var(--ast-global-color-5)","background-image":"","background-repeat":"repeat","background-position":"center center","background-size":"auto","background-attachment":"scroll","background-type":"","background-media":"","overlay-type":"","overlay-color":"","overlay-opacity":"","overlay-gradient":""},"mobile":{"background-color":"var(--ast-global-color-5)","background-image":"","background-repeat":"repeat","background-position":"center center","background-size":"auto","background-attachment":"scroll","background-type":"","background-media":"","overlay-type":"","overlay-color":"","overlay-opacity":"","overlay-gradient":""}},"_kadence_starter_templates_imported_post":false},"product_brand":[254],"product_cat":[245,251,259,263],"product_tag":[],"class_list":{"0":"post-12027","1":"product","2":"type-product","3":"status-publish","4":"has-post-thumbnail","6":"product_brand-yuqiao","7":"product_cat-all-products","8":"product_cat-chinese-language","9":"product_cat-hsk-5","10":"product_cat-hsk-5-6","11":"desktop-align-left","12":"tablet-align-left","13":"mobile-align-left","15":"first","16":"instock","17":"downloadable","18":"virtual","19":"purchasable","20":"product-type-simple"},"taxonomy_info":{"product_brand":[{"value":254,"label":"YUQIAO"}],"product_cat":[{"value":245,"label":"All Products"},{"value":251,"label":"Chinese Language"},{"value":259,"label":"HSK Standard Course 5 Full-Set Course"},{"value":263,"label":"HSK Standard Course 5-6 Full-Set Course"}]},"featured_image_src_large":["https:\/\/hotdeto.com\/wp-content\/uploads\/2025\/10\/1-20-1024x1024.png",1024,1024,true],"author_info":[],"comment_info":0,"_links":{"self":[{"href":"https:\/\/hotdeto.com\/fr\/wp-json\/wp\/v2\/product\/12027","targetHints":{"allow":["GET"]}}],"collection":[{"href":"https:\/\/hotdeto.com\/fr\/wp-json\/wp\/v2\/product"}],"about":[{"href":"https:\/\/hotdeto.com\/fr\/wp-json\/wp\/v2\/types\/product"}],"replies":[{"embeddable":true,"href":"https:\/\/hotdeto.com\/fr\/wp-json\/wp\/v2\/comments?post=12027"}],"wp:featuredmedia":[{"embeddable":true,"href":"https:\/\/hotdeto.com\/fr\/wp-json\/wp\/v2\/media\/12036"}],"wp:attachment":[{"href":"https:\/\/hotdeto.com\/fr\/wp-json\/wp\/v2\/media?parent=12027"}],"wp:term":[{"taxonomy":"product_brand","embeddable":true,"href":"https:\/\/hotdeto.com\/fr\/wp-json\/wp\/v2\/product_brand?post=12027"},{"taxonomy":"product_cat","embeddable":true,"href":"https:\/\/hotdeto.com\/fr\/wp-json\/wp\/v2\/product_cat?post=12027"},{"taxonomy":"product_tag","embeddable":true,"href":"https:\/\/hotdeto.com\/fr\/wp-json\/wp\/v2\/product_tag?post=12027"}],"curies":[{"name":"wp","href":"https:\/\/api.w.org\/{rel}","templated":true}]}}