{"id":103,"date":"2025-10-01T10:16:24","date_gmt":"2025-10-01T10:16:24","guid":{"rendered":"https:\/\/hotdeto.com\/about\/"},"modified":"2025-10-01T17:11:57","modified_gmt":"2025-10-01T17:11:57","slug":"about","status":"publish","type":"page","link":"https:\/\/hotdeto.com\/fr\/about\/","title":{"rendered":"A propos de"},"content":{"rendered":"<div data-elementor-type=\"wp-page\" data-elementor-id=\"103\" class=\"elementor elementor-103\">\n\t\t\t\t<div class=\"elementor-element elementor-element-f5c09bc e-flex e-con-boxed e-con e-parent\" data-id=\"f5c09bc\" data-element_type=\"container\">\n\t\t\t\t\t<div class=\"e-con-inner\">\n\t\t<div class=\"elementor-element elementor-element-f33af62 e-con-full e-flex e-con e-child\" data-id=\"f33af62\" data-element_type=\"container\">\n\t\t\t\t<div class=\"elementor-element elementor-element-74f25ee elementor-widget elementor-widget-heading\" data-id=\"74f25ee\" data-element_type=\"widget\" data-widget_type=\"heading.default\">\n\t\t\t\t<div class=\"elementor-widget-container\">\n\t\t\t\t\t<h2 class=\"elementor-heading-title elementor-size-default\">Yuqiao (@yuqiao) : Connecter l'apprentissage des langues \u00e0 la vie r\u00e9elle<\/h2>\t\t\t\t<\/div>\n\t\t\t\t<\/div>\n\t\t\t\t<div class=\"elementor-element elementor-element-66f8fd3 elementor-widget elementor-widget-heading\" data-id=\"66f8fd3\" data-element_type=\"widget\" data-widget_type=\"heading.default\">\n\t\t\t\t<div class=\"elementor-widget-container\">\n\t\t\t\t\t<h5 class=\"elementor-heading-title elementor-size-default\">Chez Yuqiao (@yuqiao), nous croyons fermement que la langue n'est pas seulement une collection de vocabulaire et de r\u00e8gles de grammaire - c'est un pont qui relie les gens, les contextes et les cultures.<\/h5>\t\t\t\t<\/div>\n\t\t\t\t<\/div>\n\t\t\t\t<div class=\"elementor-element elementor-element-8f95ce1 elementor-widget elementor-widget-heading\" data-id=\"8f95ce1\" data-element_type=\"widget\" data-widget_type=\"heading.default\">\n\t\t\t\t<div class=\"elementor-widget-container\">\n\t\t\t\t\t<span class=\"elementor-heading-title elementor-size-default\">Notre voyage a commenc\u00e9 lorsque nous avons remarqu\u00e9 un probl\u00e8me commun parmi les apprenants de langues : les cours \u00e9taient soit trop g\u00e9n\u00e9riques, laissant les \u00e9tudiants sans pr\u00e9paration pour des situations r\u00e9elles telles que les n\u00e9gociations commerciales, les interactions parents-enfants, ou les services touristiques, ou ils se concentraient uniquement sur la langue sans contexte culturel - en enseignant comment parler, mais pas pourquoi les gens parlent de cette fa\u00e7on. C'est pourquoi nous avons form\u00e9 une \u00e9quipe de formateurs qui associent des comp\u00e9tences p\u00e9dagogiques professionnelles \u00e0 une exp\u00e9rience interculturelle, et qui se consacrent \u00e0 une seule mission : offrir \u00e0 chaque apprenant des cours de langue sur mesure.\n<\/span>\t\t\t\t<\/div>\n\t\t\t\t<\/div>\n\t\t\t\t<\/div>\n\t\t\t\t\t<\/div>\n\t\t\t\t<\/div>\n\t\t<div class=\"elementor-element elementor-element-d40f415 e-flex e-con-boxed e-con e-parent\" data-id=\"d40f415\" data-element_type=\"container\">\n\t\t\t\t\t<div class=\"e-con-inner\">\n\t\t<div class=\"elementor-element elementor-element-1c4f9ce e-con-full e-flex e-con e-child\" data-id=\"1c4f9ce\" data-element_type=\"container\">\n\t\t\t\t<div class=\"elementor-element elementor-element-aa95e0c elementor-widget elementor-widget-image\" data-id=\"aa95e0c\" data-element_type=\"widget\" data-widget_type=\"image.default\">\n\t\t\t\t<div class=\"elementor-widget-container\">\n\t\t\t\t\t\t\t\t\t\t\t\t\t\t\t<img fetchpriority=\"high\" decoding=\"async\" width=\"2560\" height=\"1439\" src=\"https:\/\/hotdeto.com\/wp-content\/uploads\/2025\/10\/\u6dfb\u52a0\u526f\u6807\u9898-scaled.png\" class=\"attachment-full size-full wp-image-11734\" alt=\"\u6dfb\u52a0\u526f\u6807\u9898\" srcset=\"https:\/\/hotdeto.com\/wp-content\/uploads\/2025\/10\/\u6dfb\u52a0\u526f\u6807\u9898-scaled.png 2560w, https:\/\/hotdeto.com\/wp-content\/uploads\/2025\/10\/\u6dfb\u52a0\u526f\u6807\u9898-300x169.png 300w, https:\/\/hotdeto.com\/wp-content\/uploads\/2025\/10\/\u6dfb\u52a0\u526f\u6807\u9898-1024x576.png 1024w, https:\/\/hotdeto.com\/wp-content\/uploads\/2025\/10\/\u6dfb\u52a0\u526f\u6807\u9898-768x432.png 768w, https:\/\/hotdeto.com\/wp-content\/uploads\/2025\/10\/\u6dfb\u52a0\u526f\u6807\u9898-1536x864.png 1536w, https:\/\/hotdeto.com\/wp-content\/uploads\/2025\/10\/\u6dfb\u52a0\u526f\u6807\u9898-2048x1152.png 2048w, https:\/\/hotdeto.com\/wp-content\/uploads\/2025\/10\/\u6dfb\u52a0\u526f\u6807\u9898-18x10.png 18w\" sizes=\"(max-width: 2560px) 100vw, 2560px\" title=\"A propos de\">\t\t\t\t\t\t\t\t\t\t\t\t\t\t\t<\/div>\n\t\t\t\t<\/div>\n\t\t\t\t<\/div>\n\t\t\t\t\t<\/div>\n\t\t\t\t<\/div>\n\t\t<div class=\"elementor-element elementor-element-6792d01 e-flex e-con-boxed e-con e-parent\" data-id=\"6792d01\" data-element_type=\"container\" data-settings=\"{&quot;background_background&quot;:&quot;classic&quot;}\">\n\t\t\t\t\t<div class=\"e-con-inner\">\n\t\t<div class=\"elementor-element elementor-element-8d56ee4 e-con-full e-flex e-con e-child\" data-id=\"8d56ee4\" data-element_type=\"container\">\n\t\t<div class=\"elementor-element elementor-element-147497f e-con-full e-flex e-con e-child\" data-id=\"147497f\" data-element_type=\"container\">\n\t\t<div class=\"elementor-element elementor-element-070bc93 e-con-full e-flex e-con e-child\" data-id=\"070bc93\" data-element_type=\"container\">\n\t\t\t\t<div class=\"elementor-element elementor-element-ada0517 elementor-widget elementor-widget-image\" data-id=\"ada0517\" data-element_type=\"widget\" data-widget_type=\"image.default\">\n\t\t\t\t<div class=\"elementor-widget-container\">\n\t\t\t\t\t\t\t\t\t\t\t\t\t\t\t<img decoding=\"async\" width=\"1536\" height=\"864\" src=\"https:\/\/hotdeto.com\/wp-content\/uploads\/2025\/10\/\u72ec\u7acb\u7ad9\u5ba2\u6237\u8bc4\u4ef7-2.png\" class=\"attachment-full size-full wp-image-11735\" alt=\"\u72ec\u7acb\u7ad9\u5ba2\u6237\u8bc4\u4ef7 (2)\" srcset=\"https:\/\/hotdeto.com\/wp-content\/uploads\/2025\/10\/\u72ec\u7acb\u7ad9\u5ba2\u6237\u8bc4\u4ef7-2.png 1536w, https:\/\/hotdeto.com\/wp-content\/uploads\/2025\/10\/\u72ec\u7acb\u7ad9\u5ba2\u6237\u8bc4\u4ef7-2-300x169.png 300w, https:\/\/hotdeto.com\/wp-content\/uploads\/2025\/10\/\u72ec\u7acb\u7ad9\u5ba2\u6237\u8bc4\u4ef7-2-1024x576.png 1024w, https:\/\/hotdeto.com\/wp-content\/uploads\/2025\/10\/\u72ec\u7acb\u7ad9\u5ba2\u6237\u8bc4\u4ef7-2-768x432.png 768w, https:\/\/hotdeto.com\/wp-content\/uploads\/2025\/10\/\u72ec\u7acb\u7ad9\u5ba2\u6237\u8bc4\u4ef7-2-18x10.png 18w\" sizes=\"(max-width: 1536px) 100vw, 1536px\" title=\"A propos de\">\t\t\t\t\t\t\t\t\t\t\t\t\t\t\t<\/div>\n\t\t\t\t<\/div>\n\t\t\t\t<\/div>\n\t\t<div class=\"elementor-element elementor-element-c1b2f2d e-con-full e-flex e-con e-child\" data-id=\"c1b2f2d\" data-element_type=\"container\">\n\t\t\t\t<div class=\"elementor-element elementor-element-24b48ce elementor-widget elementor-widget-heading\" data-id=\"24b48ce\" data-element_type=\"widget\" data-widget_type=\"heading.default\">\n\t\t\t\t<div class=\"elementor-widget-container\">\n\t\t\t\t\t<h3 class=\"elementor-heading-title elementor-size-default\">Qui sommes-nous ?<\/h3>\t\t\t\t<\/div>\n\t\t\t\t<\/div>\n\t\t\t\t<div class=\"elementor-element elementor-element-1d3c5e0 elementor-widget elementor-widget-text-editor\" data-id=\"1d3c5e0\" data-element_type=\"widget\" data-widget_type=\"text-editor.default\">\n\t\t\t\t<div class=\"elementor-widget-container\">\n\t\t\t\t\t\t\t\t\t<p>Nous sommes @yuqiao (\u8bed\u6865) - une \u00e9quipe de professeurs de langues certifi\u00e9s qui pensent que la langue est plus que des mots - c'est un pont vers la vie r\u00e9elle.<br \/>Nous avons commenc\u00e9 parce que nous voyions des apprenants internationaux bloqu\u00e9s par des cours \"g\u00e9n\u00e9riques\" : ils m\u00e9morisaient des phrases, mais ne pouvaient pas n\u00e9gocier en chinois, lire des livres d'images en anglais avec des enfants ou discuter avec des touristes chinois. Nous avons donc cr\u00e9\u00e9 quelque chose de diff\u00e9rent.<br \/>Notre force ? Nous combinons des comp\u00e9tences professionnelles en mati\u00e8re d'enseignement avec une vision interculturelle (beaucoup d'entre nous ont v\u00e9cu\/\u00e9tudi\u00e9 \u00e0 l'\u00e9tranger). Nous ne nous contentons pas d'enseigner - nous \u00e9coutons d'abord, puis nous adaptons les cours \u00e0 vos besoins : qu'il s'agisse de chinois technique pour les ing\u00e9nieurs, de chinois culturel pour les passionn\u00e9s, ou d'anglais touristique pour les h\u00f4tes.<br \/>Chez @yuqiao, nous sommes vos partenaires pour apprendre la langue qui vous convient et parler en toute confiance.<\/p>\t\t\t\t\t\t\t\t<\/div>\n\t\t\t\t<\/div>\n\t\t\t\t<\/div>\n\t\t\t\t<\/div>\n\t\t<div class=\"elementor-element elementor-element-aa5796e e-con-full e-flex e-con e-child\" data-id=\"aa5796e\" data-element_type=\"container\">\n\t\t<div class=\"elementor-element elementor-element-884e89a e-con-full e-flex e-con e-child\" data-id=\"884e89a\" data-element_type=\"container\">\n\t\t\t\t<div class=\"elementor-element elementor-element-514b8d6 elementor-widget elementor-widget-text-editor\" data-id=\"514b8d6\" data-element_type=\"widget\" data-widget_type=\"text-editor.default\">\n\t\t\t\t<div class=\"elementor-widget-container\">\n\t\t\t\t\t\t\t\t\t<p>Aider les apprenants internationaux de chinois et d'anglais \u00e0 communiquer avec confiance dans la vie r\u00e9elle, \u00e0 combler les foss\u00e9s culturels et \u00e0 s'\u00e9panouir dans les moments importants (qu'il s'agisse d'une n\u00e9gociation commerciale, de la lecture d'un livre entre parents et enfants ou d'une conversation avec des voyageurs).<br \/>Notre objectif est de rendre chaque le\u00e7on utile : pas de vocabulaire al\u00e9atoire, pas de grammaire d\u00e9connect\u00e9e. Il s'agit simplement d'un apprentissage sur mesure, bas\u00e9 sur des sc\u00e9narios, qui lie la langue \u00e0 vos objectifs. Ainsi, vous ne vous contentez pas de \"conna\u00eetre\" le chinois ou l'anglais, mais vous l'utilisez avec aisance.<\/p>\t\t\t\t\t\t\t\t<\/div>\n\t\t\t\t<\/div>\n\t\t\t\t<div class=\"elementor-element elementor-element-3e30418 elementor-widget elementor-widget-heading\" data-id=\"3e30418\" data-element_type=\"widget\" data-widget_type=\"heading.default\">\n\t\t\t\t<div class=\"elementor-widget-container\">\n\t\t\t\t\t<h3 class=\"elementor-heading-title elementor-size-default\">Notre mission<\/h3>\t\t\t\t<\/div>\n\t\t\t\t<\/div>\n\t\t\t\t<\/div>\n\t\t<div class=\"elementor-element elementor-element-a4186ff e-con-full e-flex e-con e-child\" data-id=\"a4186ff\" data-element_type=\"container\">\n\t\t\t\t<div class=\"elementor-element elementor-element-c20208f elementor-widget elementor-widget-image\" data-id=\"c20208f\" data-element_type=\"widget\" data-widget_type=\"image.default\">\n\t\t\t\t<div class=\"elementor-widget-container\">\n\t\t\t\t\t\t\t\t\t\t\t\t\t\t\t<img decoding=\"async\" width=\"1536\" height=\"864\" src=\"https:\/\/hotdeto.com\/wp-content\/uploads\/2025\/10\/\u72ec\u7acb\u7ad9\u5ba2\u6237\u8bc4\u4ef7-3.png\" class=\"attachment-full size-full wp-image-11736\" alt=\"\u72ec\u7acb\u7ad9\u5ba2\u6237\u8bc4\u4ef7 (3)\" srcset=\"https:\/\/hotdeto.com\/wp-content\/uploads\/2025\/10\/\u72ec\u7acb\u7ad9\u5ba2\u6237\u8bc4\u4ef7-3.png 1536w, https:\/\/hotdeto.com\/wp-content\/uploads\/2025\/10\/\u72ec\u7acb\u7ad9\u5ba2\u6237\u8bc4\u4ef7-3-300x169.png 300w, https:\/\/hotdeto.com\/wp-content\/uploads\/2025\/10\/\u72ec\u7acb\u7ad9\u5ba2\u6237\u8bc4\u4ef7-3-1024x576.png 1024w, https:\/\/hotdeto.com\/wp-content\/uploads\/2025\/10\/\u72ec\u7acb\u7ad9\u5ba2\u6237\u8bc4\u4ef7-3-768x432.png 768w, https:\/\/hotdeto.com\/wp-content\/uploads\/2025\/10\/\u72ec\u7acb\u7ad9\u5ba2\u6237\u8bc4\u4ef7-3-18x10.png 18w\" sizes=\"(max-width: 1536px) 100vw, 1536px\" title=\"A propos de\">\t\t\t\t\t\t\t\t\t\t\t\t\t\t\t<\/div>\n\t\t\t\t<\/div>\n\t\t\t\t<\/div>\n\t\t\t\t<\/div>\n\t\t\t\t<\/div>\n\t\t\t\t\t<\/div>\n\t\t\t\t<\/div>\n\t\t<div class=\"elementor-element elementor-element-dd8c2f0 e-con-full e-flex e-con e-parent\" data-id=\"dd8c2f0\" data-element_type=\"container\">\n\t\t<div class=\"elementor-element elementor-element-69da12c e-con-full e-flex e-con e-child\" data-id=\"69da12c\" data-element_type=\"container\">\n\t\t\t\t<div class=\"elementor-element elementor-element-951bce4 elementor-view-default elementor-position-top elementor-mobile-position-top elementor-widget elementor-widget-icon-box\" data-id=\"951bce4\" data-element_type=\"widget\" data-widget_type=\"icon-box.default\">\n\t\t\t\t<div class=\"elementor-widget-container\">\n\t\t\t\t\t\t\t<div class=\"elementor-icon-box-wrapper\">\n\n\t\t\t\t\t\t<div class=\"elementor-icon-box-icon\">\n\t\t\t\t<span  class=\"elementor-icon\">\n\t\t\t\t<i aria-hidden=\"true\" class=\"fab fa-instagram\"><\/i>\t\t\t\t<\/span>\n\t\t\t<\/div>\n\t\t\t\n\t\t\t\t\t\t<div class=\"elementor-icon-box-content\">\n\n\t\t\t\t\t\t\t\t\t<h3 class=\"elementor-icon-box-title\">\n\t\t\t\t\t\t<span  >\n\t\t\t\t\t\t\tSuivez @yuqiao (\u8bed\u6865) - Votre portail pour parler couramment le chinois et l'anglais\t\t\t\t\t\t<\/span>\n\t\t\t\t\t<\/h3>\n\t\t\t\t\n\t\t\t\t\t\t\t\t\t<p class=\"elementor-icon-box-description\">\n\t\t\t\t\t\tQue vous soyez un professionnel des affaires souhaitant conclure des accords avec des partenaires chinois, un \u00e9tudiant international se pr\u00e9parant aux examens HSK, un professionnel du tourisme d\u00e9sireux d'entrer en contact avec des voyageurs chinois ou un passionn\u00e9 de culture souhaitant se plonger dans les histoires qui se cachent derri\u00e8re les traditions chinoises (et vice versa pour les apprenants d'anglais !), @yuqiao (\u8bed\u6865) est votre passerelle linguistique sur mesure.<br>Nous ne nous contentons pas d'enseigner le vocabulaire et la grammaire, nous concevons des le\u00e7ons ancr\u00e9es dans vos besoins r\u00e9els : pensez aux simulations de n\u00e9gociations commerciales pour les cadres internationaux, aux jeux d'anglais parents-enfants pour les m\u00e8res occup\u00e9es, \u00e0 la terminologie sp\u00e9cifique \u00e0 l'industrie pour les ing\u00e9nieurs, et aux approfondissements \"culture + langue\" pour les amateurs de traditions.<br>Suivez @yuqiao pour obtenir des conseils d'apprentissage exclusifs, des t\u00e9moignages de r\u00e9ussite d'\u00e9tudiants, des questions-r\u00e9ponses en direct avec nos professeurs experts et des aper\u00e7us de nos cours bas\u00e9s sur des sc\u00e9narios. Transformons \"je ne peux pas\" en \"je parle couramment\" - ensemble, \u00e9tape par \u00e9tape.\t\t\t\t\t<\/p>\n\t\t\t\t\n\t\t\t<\/div>\n\t\t\t\n\t\t<\/div>\n\t\t\t\t\t\t<\/div>\n\t\t\t\t<\/div>\n\t\t\t\t<div class=\"elementor-element elementor-element-1857f8b elementor-widget elementor-widget-image\" data-id=\"1857f8b\" data-element_type=\"widget\" data-widget_type=\"image.default\">\n\t\t\t\t<div class=\"elementor-widget-container\">\n\t\t\t\t\t\t\t\t\t\t\t\t\t\t\t<img loading=\"lazy\" decoding=\"async\" width=\"2560\" height=\"488\" src=\"https:\/\/hotdeto.com\/wp-content\/uploads\/2025\/10\/WPS\u62fc\u56fe0-scaled.png\" class=\"attachment-full size-full wp-image-11728\" alt=\"wps\u62fc\u56fe0\" srcset=\"https:\/\/hotdeto.com\/wp-content\/uploads\/2025\/10\/WPS\u62fc\u56fe0-scaled.png 2560w, https:\/\/hotdeto.com\/wp-content\/uploads\/2025\/10\/WPS\u62fc\u56fe0-300x57.png 300w, https:\/\/hotdeto.com\/wp-content\/uploads\/2025\/10\/WPS\u62fc\u56fe0-1024x195.png 1024w, https:\/\/hotdeto.com\/wp-content\/uploads\/2025\/10\/WPS\u62fc\u56fe0-768x146.png 768w, https:\/\/hotdeto.com\/wp-content\/uploads\/2025\/10\/WPS\u62fc\u56fe0-1536x293.png 1536w, https:\/\/hotdeto.com\/wp-content\/uploads\/2025\/10\/WPS\u62fc\u56fe0-2048x390.png 2048w, https:\/\/hotdeto.com\/wp-content\/uploads\/2025\/10\/WPS\u62fc\u56fe0-18x3.png 18w\" sizes=\"(max-width: 2560px) 100vw, 2560px\" title=\"A propos de\">\t\t\t\t\t\t\t\t\t\t\t\t\t\t\t<\/div>\n\t\t\t\t<\/div>\n\t\t\t\t<\/div>\n\t\t\t\t<\/div>\n\t\t\t\t<\/div>","protected":false},"excerpt":{"rendered":"<p>Yuqiao (@yuqiao): Making Language Learning Connect to Real Life At Yuqiao (@yuqiao), we firmly believe that language is not just a collection of vocabulary and grammar rules\u2014it is a bridge that connects people, contexts, and cultures. Our journey began when we noticed a common struggle among language learners: courses were either too generic, leaving students [&hellip;]<\/p>","protected":false},"author":6,"featured_media":0,"parent":0,"menu_order":0,"comment_status":"closed","ping_status":"closed","template":"","meta":{"_kad_blocks_custom_css":"","_kad_blocks_head_custom_js":"","_kad_blocks_body_custom_js":"","_kad_blocks_footer_custom_js":"","site-sidebar-layout":"no-sidebar","site-content-layout":"page-builder","ast-site-content-layout":"default","site-content-style":"default","site-sidebar-style":"default","ast-global-header-display":"","ast-banner-title-visibility":"","ast-main-header-display":"","ast-hfb-above-header-display":"","ast-hfb-below-header-display":"","ast-hfb-mobile-header-display":"","site-post-title":"","ast-breadcrumbs-content":"disabled","ast-featured-img":"disabled","footer-sml-layout":"","theme-transparent-header-meta":"disabled","adv-header-id-meta":"","stick-header-meta":"","header-above-stick-meta":"","header-main-stick-meta":"","header-below-stick-meta":"","astra-migrate-meta-layouts":"default","ast-page-background-enabled":"default","ast-page-background-meta":{"desktop":{"background-color":"var(--ast-global-color-4)","background-image":"","background-repeat":"repeat","background-position":"center center","background-size":"auto","background-attachment":"scroll","background-type":"","background-media":"","overlay-type":"","overlay-color":"","overlay-opacity":"","overlay-gradient":""},"tablet":{"background-color":"","background-image":"","background-repeat":"repeat","background-position":"center center","background-size":"auto","background-attachment":"scroll","background-type":"","background-media":"","overlay-type":"","overlay-color":"","overlay-opacity":"","overlay-gradient":""},"mobile":{"background-color":"","background-image":"","background-repeat":"repeat","background-position":"center center","background-size":"auto","background-attachment":"scroll","background-type":"","background-media":"","overlay-type":"","overlay-color":"","overlay-opacity":"","overlay-gradient":""}},"ast-content-background-meta":{"desktop":{"background-color":"var(--ast-global-color-5)","background-image":"","background-repeat":"repeat","background-position":"center center","background-size":"auto","background-attachment":"scroll","background-type":"","background-media":"","overlay-type":"","overlay-color":"","overlay-opacity":"","overlay-gradient":""},"tablet":{"background-color":"var(--ast-global-color-5)","background-image":"","background-repeat":"repeat","background-position":"center center","background-size":"auto","background-attachment":"scroll","background-type":"","background-media":"","overlay-type":"","overlay-color":"","overlay-opacity":"","overlay-gradient":""},"mobile":{"background-color":"var(--ast-global-color-5)","background-image":"","background-repeat":"repeat","background-position":"center center","background-size":"auto","background-attachment":"scroll","background-type":"","background-media":"","overlay-type":"","overlay-color":"","overlay-opacity":"","overlay-gradient":""}},"_kadence_starter_templates_imported_post":false,"footnotes":""},"class_list":["post-103","page","type-page","status-publish","hentry"],"taxonomy_info":[],"featured_image_src_large":false,"author_info":{"display_name":"Win ZONG","author_link":"https:\/\/hotdeto.com\/fr\/author\/win-zong\/"},"comment_info":0,"_links":{"self":[{"href":"https:\/\/hotdeto.com\/fr\/wp-json\/wp\/v2\/pages\/103","targetHints":{"allow":["GET"]}}],"collection":[{"href":"https:\/\/hotdeto.com\/fr\/wp-json\/wp\/v2\/pages"}],"about":[{"href":"https:\/\/hotdeto.com\/fr\/wp-json\/wp\/v2\/types\/page"}],"author":[{"embeddable":true,"href":"https:\/\/hotdeto.com\/fr\/wp-json\/wp\/v2\/users\/6"}],"replies":[{"embeddable":true,"href":"https:\/\/hotdeto.com\/fr\/wp-json\/wp\/v2\/comments?post=103"}],"version-history":[{"count":15,"href":"https:\/\/hotdeto.com\/fr\/wp-json\/wp\/v2\/pages\/103\/revisions"}],"predecessor-version":[{"id":11793,"href":"https:\/\/hotdeto.com\/fr\/wp-json\/wp\/v2\/pages\/103\/revisions\/11793"}],"wp:attachment":[{"href":"https:\/\/hotdeto.com\/fr\/wp-json\/wp\/v2\/media?parent=103"}],"curies":[{"name":"wp","href":"https:\/\/api.w.org\/{rel}","templated":true}]}}