{"id":103,"date":"2025-10-01T10:16:24","date_gmt":"2025-10-01T10:16:24","guid":{"rendered":"https:\/\/hotdeto.com\/about\/"},"modified":"2025-10-01T17:11:57","modified_gmt":"2025-10-01T17:11:57","slug":"about","status":"publish","type":"page","link":"https:\/\/hotdeto.com\/de\/about\/","title":{"rendered":"\u00dcber"},"content":{"rendered":"<div data-elementor-type=\"wp-page\" data-elementor-id=\"103\" class=\"elementor elementor-103\">\n\t\t\t\t<div class=\"elementor-element elementor-element-f5c09bc e-flex e-con-boxed e-con e-parent\" data-id=\"f5c09bc\" data-element_type=\"container\">\n\t\t\t\t\t<div class=\"e-con-inner\">\n\t\t<div class=\"elementor-element elementor-element-f33af62 e-con-full e-flex e-con e-child\" data-id=\"f33af62\" data-element_type=\"container\">\n\t\t\t\t<div class=\"elementor-element elementor-element-74f25ee elementor-widget elementor-widget-heading\" data-id=\"74f25ee\" data-element_type=\"widget\" data-widget_type=\"heading.default\">\n\t\t\t\t<div class=\"elementor-widget-container\">\n\t\t\t\t\t<h2 class=\"elementor-heading-title elementor-size-default\">Yuqiao (@yuqiao): Das Sprachenlernen mit dem echten Leben verbinden<\/h2>\t\t\t\t<\/div>\n\t\t\t\t<\/div>\n\t\t\t\t<div class=\"elementor-element elementor-element-66f8fd3 elementor-widget elementor-widget-heading\" data-id=\"66f8fd3\" data-element_type=\"widget\" data-widget_type=\"heading.default\">\n\t\t\t\t<div class=\"elementor-widget-container\">\n\t\t\t\t\t<h5 class=\"elementor-heading-title elementor-size-default\">Wir bei Yuqiao (@yuqiao) sind der festen \u00dcberzeugung, dass Sprache nicht nur eine Sammlung von Vokabeln und Grammatikregeln ist, sondern eine Br\u00fccke, die Menschen, Kontexte und Kulturen miteinander verbindet.<\/h5>\t\t\t\t<\/div>\n\t\t\t\t<\/div>\n\t\t\t\t<div class=\"elementor-element elementor-element-8f95ce1 elementor-widget elementor-widget-heading\" data-id=\"8f95ce1\" data-element_type=\"widget\" data-widget_type=\"heading.default\">\n\t\t\t\t<div class=\"elementor-widget-container\">\n\t\t\t\t\t<span class=\"elementor-heading-title elementor-size-default\">Unsere Reise begann, als wir feststellten, dass Sprachsch\u00fcler h\u00e4ufig Probleme hatten: Die Kurse waren entweder zu allgemein gehalten, so dass die Sch\u00fcler nicht auf reale Situationen wie Gesch\u00e4ftsverhandlungen, Interaktionen zwischen Eltern und Kindern oder touristische Dienstleistungen vorbereitet waren, oder sie konzentrierten sich ausschlie\u00dflich auf die Sprache ohne den kulturellen Kontext - sie lehrten, wie man spricht, aber nicht, warum man so spricht. Aus diesem Grund haben wir ein Team von Lehrkr\u00e4ften zusammengestellt, die professionelle Lehrf\u00e4higkeiten mit interkultureller Erfahrung kombinieren und sich einem Ziel verschrieben haben: jedem Lernenden ma\u00dfgeschneiderte Sprachkurse anzubieten.\n<\/span>\t\t\t\t<\/div>\n\t\t\t\t<\/div>\n\t\t\t\t<\/div>\n\t\t\t\t\t<\/div>\n\t\t\t\t<\/div>\n\t\t<div class=\"elementor-element elementor-element-d40f415 e-flex e-con-boxed e-con e-parent\" data-id=\"d40f415\" data-element_type=\"container\">\n\t\t\t\t\t<div class=\"e-con-inner\">\n\t\t<div class=\"elementor-element elementor-element-1c4f9ce e-con-full e-flex e-con e-child\" data-id=\"1c4f9ce\" data-element_type=\"container\">\n\t\t\t\t<div class=\"elementor-element elementor-element-aa95e0c elementor-widget elementor-widget-image\" data-id=\"aa95e0c\" data-element_type=\"widget\" data-widget_type=\"image.default\">\n\t\t\t\t<div class=\"elementor-widget-container\">\n\t\t\t\t\t\t\t\t\t\t\t\t\t\t\t<img fetchpriority=\"high\" decoding=\"async\" width=\"2560\" height=\"1439\" src=\"https:\/\/hotdeto.com\/wp-content\/uploads\/2025\/10\/\u6dfb\u52a0\u526f\u6807\u9898-scaled.png\" class=\"attachment-full size-full wp-image-11734\" alt=\"\u6dfb\u52a0\u526f\u6807\u9898\" srcset=\"https:\/\/hotdeto.com\/wp-content\/uploads\/2025\/10\/\u6dfb\u52a0\u526f\u6807\u9898-scaled.png 2560w, https:\/\/hotdeto.com\/wp-content\/uploads\/2025\/10\/\u6dfb\u52a0\u526f\u6807\u9898-300x169.png 300w, https:\/\/hotdeto.com\/wp-content\/uploads\/2025\/10\/\u6dfb\u52a0\u526f\u6807\u9898-1024x576.png 1024w, https:\/\/hotdeto.com\/wp-content\/uploads\/2025\/10\/\u6dfb\u52a0\u526f\u6807\u9898-768x432.png 768w, https:\/\/hotdeto.com\/wp-content\/uploads\/2025\/10\/\u6dfb\u52a0\u526f\u6807\u9898-1536x864.png 1536w, https:\/\/hotdeto.com\/wp-content\/uploads\/2025\/10\/\u6dfb\u52a0\u526f\u6807\u9898-2048x1152.png 2048w, https:\/\/hotdeto.com\/wp-content\/uploads\/2025\/10\/\u6dfb\u52a0\u526f\u6807\u9898-18x10.png 18w\" sizes=\"(max-width: 2560px) 100vw, 2560px\" title=\"\u00dcber\">\t\t\t\t\t\t\t\t\t\t\t\t\t\t\t<\/div>\n\t\t\t\t<\/div>\n\t\t\t\t<\/div>\n\t\t\t\t\t<\/div>\n\t\t\t\t<\/div>\n\t\t<div class=\"elementor-element elementor-element-6792d01 e-flex e-con-boxed e-con e-parent\" data-id=\"6792d01\" data-element_type=\"container\" data-settings=\"{&quot;background_background&quot;:&quot;classic&quot;}\">\n\t\t\t\t\t<div class=\"e-con-inner\">\n\t\t<div class=\"elementor-element elementor-element-8d56ee4 e-con-full e-flex e-con e-child\" data-id=\"8d56ee4\" data-element_type=\"container\">\n\t\t<div class=\"elementor-element elementor-element-147497f e-con-full e-flex e-con e-child\" data-id=\"147497f\" data-element_type=\"container\">\n\t\t<div class=\"elementor-element elementor-element-070bc93 e-con-full e-flex e-con e-child\" data-id=\"070bc93\" data-element_type=\"container\">\n\t\t\t\t<div class=\"elementor-element elementor-element-ada0517 elementor-widget elementor-widget-image\" data-id=\"ada0517\" data-element_type=\"widget\" data-widget_type=\"image.default\">\n\t\t\t\t<div class=\"elementor-widget-container\">\n\t\t\t\t\t\t\t\t\t\t\t\t\t\t\t<img decoding=\"async\" width=\"1536\" height=\"864\" src=\"https:\/\/hotdeto.com\/wp-content\/uploads\/2025\/10\/\u72ec\u7acb\u7ad9\u5ba2\u6237\u8bc4\u4ef7-2.png\" class=\"attachment-full size-full wp-image-11735\" alt=\"\u72ec\u7acb\u7ad9\u5ba2\u6237\u8bc4\u4ef7 (2)\" srcset=\"https:\/\/hotdeto.com\/wp-content\/uploads\/2025\/10\/\u72ec\u7acb\u7ad9\u5ba2\u6237\u8bc4\u4ef7-2.png 1536w, https:\/\/hotdeto.com\/wp-content\/uploads\/2025\/10\/\u72ec\u7acb\u7ad9\u5ba2\u6237\u8bc4\u4ef7-2-300x169.png 300w, https:\/\/hotdeto.com\/wp-content\/uploads\/2025\/10\/\u72ec\u7acb\u7ad9\u5ba2\u6237\u8bc4\u4ef7-2-1024x576.png 1024w, https:\/\/hotdeto.com\/wp-content\/uploads\/2025\/10\/\u72ec\u7acb\u7ad9\u5ba2\u6237\u8bc4\u4ef7-2-768x432.png 768w, https:\/\/hotdeto.com\/wp-content\/uploads\/2025\/10\/\u72ec\u7acb\u7ad9\u5ba2\u6237\u8bc4\u4ef7-2-18x10.png 18w\" sizes=\"(max-width: 1536px) 100vw, 1536px\" title=\"\u00dcber\">\t\t\t\t\t\t\t\t\t\t\t\t\t\t\t<\/div>\n\t\t\t\t<\/div>\n\t\t\t\t<\/div>\n\t\t<div class=\"elementor-element elementor-element-c1b2f2d e-con-full e-flex e-con e-child\" data-id=\"c1b2f2d\" data-element_type=\"container\">\n\t\t\t\t<div class=\"elementor-element elementor-element-24b48ce elementor-widget elementor-widget-heading\" data-id=\"24b48ce\" data-element_type=\"widget\" data-widget_type=\"heading.default\">\n\t\t\t\t<div class=\"elementor-widget-container\">\n\t\t\t\t\t<h3 class=\"elementor-heading-title elementor-size-default\">Wer wir sind<\/h3>\t\t\t\t<\/div>\n\t\t\t\t<\/div>\n\t\t\t\t<div class=\"elementor-element elementor-element-1d3c5e0 elementor-widget elementor-widget-text-editor\" data-id=\"1d3c5e0\" data-element_type=\"widget\" data-widget_type=\"text-editor.default\">\n\t\t\t\t<div class=\"elementor-widget-container\">\n\t\t\t\t\t\t\t\t\t<p>Wir sind @yuqiao (\u8bed\u6865) - ein Team von zertifizierten Sprachlehrern, die glauben, dass Sprache mehr ist als nur Worte - sie ist eine Br\u00fccke zum wirklichen Leben.<br \/>Wir begannen damit, weil wir sahen, dass internationale Lernende mit \"allgemeinen\" Kursen nicht weiterkamen: Sie lernten zwar Phrasen auswendig, konnten aber nicht auf Chinesisch verhandeln, mit Kindern englische Bilderb\u00fccher lesen oder sich mit chinesischen Touristen unterhalten. Also haben wir etwas anderes entwickelt.<br \/>Unsere St\u00e4rke? Wir kombinieren professionelle Lehrf\u00e4higkeiten mit interkulturellem Verst\u00e4ndnis (viele von uns haben im Ausland gelebt\/studiert). Wir unterrichten nicht einfach nur - wir h\u00f6ren zuerst zu und schneiden dann den Unterricht auf Ihre Bed\u00fcrfnisse zu: sei es technisches Chinesisch f\u00fcr Ingenieure, kulturelles Chinesisch f\u00fcr Enthusiasten oder Tourismus-Englisch f\u00fcr Gastgeber.<br \/>Bei @yuqiao sind wir Ihr Partner, wenn es darum geht, die Sprache zu lernen, die f\u00fcr Sie funktioniert - und mit Selbstvertrauen zu sprechen.<\/p>\t\t\t\t\t\t\t\t<\/div>\n\t\t\t\t<\/div>\n\t\t\t\t<\/div>\n\t\t\t\t<\/div>\n\t\t<div class=\"elementor-element elementor-element-aa5796e e-con-full e-flex e-con e-child\" data-id=\"aa5796e\" data-element_type=\"container\">\n\t\t<div class=\"elementor-element elementor-element-884e89a e-con-full e-flex e-con e-child\" data-id=\"884e89a\" data-element_type=\"container\">\n\t\t\t\t<div class=\"elementor-element elementor-element-514b8d6 elementor-widget elementor-widget-text-editor\" data-id=\"514b8d6\" data-element_type=\"widget\" data-widget_type=\"text-editor.default\">\n\t\t\t\t<div class=\"elementor-widget-container\">\n\t\t\t\t\t\t\t\t\t<p>Wir wollen das Sprachenlernen von \"allgemeinem Auswendiglernen\" in ein Werkzeug verwandeln, das Sie bef\u00e4higt - und internationalen Chinesisch- und Englischlernern dabei hilft, im wirklichen Leben selbstbewusst zu kommunizieren, kulturelle Unterschiede zu \u00fcberbr\u00fccken und in den entscheidenden Momenten erfolgreich zu sein (sei es bei Gesch\u00e4ftsverhandlungen, beim Lesen eines Buches zwischen Eltern und Kind oder bei einem Gespr\u00e4ch mit Reisenden).<br \/>Unser Ziel ist es, jede Lektion zielgerichtet zu gestalten: keine zuf\u00e4lligen Vokabeln, keine zusammenhanglose Grammatik. Nur ma\u00dfgeschneidertes, szenariobasiertes Lernen, das die Sprache mit Ihren Zielen verbindet - damit Sie Chinesisch oder Englisch nicht nur \"wissen\", sondern es mit Leichtigkeit anwenden.<\/p>\t\t\t\t\t\t\t\t<\/div>\n\t\t\t\t<\/div>\n\t\t\t\t<div class=\"elementor-element elementor-element-3e30418 elementor-widget elementor-widget-heading\" data-id=\"3e30418\" data-element_type=\"widget\" data-widget_type=\"heading.default\">\n\t\t\t\t<div class=\"elementor-widget-container\">\n\t\t\t\t\t<h3 class=\"elementor-heading-title elementor-size-default\">Unser Auftrag<\/h3>\t\t\t\t<\/div>\n\t\t\t\t<\/div>\n\t\t\t\t<\/div>\n\t\t<div class=\"elementor-element elementor-element-a4186ff e-con-full e-flex e-con e-child\" data-id=\"a4186ff\" data-element_type=\"container\">\n\t\t\t\t<div class=\"elementor-element elementor-element-c20208f elementor-widget elementor-widget-image\" data-id=\"c20208f\" data-element_type=\"widget\" data-widget_type=\"image.default\">\n\t\t\t\t<div class=\"elementor-widget-container\">\n\t\t\t\t\t\t\t\t\t\t\t\t\t\t\t<img decoding=\"async\" width=\"1536\" height=\"864\" src=\"https:\/\/hotdeto.com\/wp-content\/uploads\/2025\/10\/\u72ec\u7acb\u7ad9\u5ba2\u6237\u8bc4\u4ef7-3.png\" class=\"attachment-full size-full wp-image-11736\" alt=\"\u72ec\u7acb\u7ad9\u5ba2\u6237\u8bc4\u4ef7 (3)\" srcset=\"https:\/\/hotdeto.com\/wp-content\/uploads\/2025\/10\/\u72ec\u7acb\u7ad9\u5ba2\u6237\u8bc4\u4ef7-3.png 1536w, https:\/\/hotdeto.com\/wp-content\/uploads\/2025\/10\/\u72ec\u7acb\u7ad9\u5ba2\u6237\u8bc4\u4ef7-3-300x169.png 300w, https:\/\/hotdeto.com\/wp-content\/uploads\/2025\/10\/\u72ec\u7acb\u7ad9\u5ba2\u6237\u8bc4\u4ef7-3-1024x576.png 1024w, https:\/\/hotdeto.com\/wp-content\/uploads\/2025\/10\/\u72ec\u7acb\u7ad9\u5ba2\u6237\u8bc4\u4ef7-3-768x432.png 768w, https:\/\/hotdeto.com\/wp-content\/uploads\/2025\/10\/\u72ec\u7acb\u7ad9\u5ba2\u6237\u8bc4\u4ef7-3-18x10.png 18w\" sizes=\"(max-width: 1536px) 100vw, 1536px\" title=\"\u00dcber\">\t\t\t\t\t\t\t\t\t\t\t\t\t\t\t<\/div>\n\t\t\t\t<\/div>\n\t\t\t\t<\/div>\n\t\t\t\t<\/div>\n\t\t\t\t<\/div>\n\t\t\t\t\t<\/div>\n\t\t\t\t<\/div>\n\t\t<div class=\"elementor-element elementor-element-dd8c2f0 e-con-full e-flex e-con e-parent\" data-id=\"dd8c2f0\" data-element_type=\"container\">\n\t\t<div class=\"elementor-element elementor-element-69da12c e-con-full e-flex e-con e-child\" data-id=\"69da12c\" data-element_type=\"container\">\n\t\t\t\t<div class=\"elementor-element elementor-element-951bce4 elementor-view-default elementor-position-top elementor-mobile-position-top elementor-widget elementor-widget-icon-box\" data-id=\"951bce4\" data-element_type=\"widget\" data-widget_type=\"icon-box.default\">\n\t\t\t\t<div class=\"elementor-widget-container\">\n\t\t\t\t\t\t\t<div class=\"elementor-icon-box-wrapper\">\n\n\t\t\t\t\t\t<div class=\"elementor-icon-box-icon\">\n\t\t\t\t<span  class=\"elementor-icon\">\n\t\t\t\t<i aria-hidden=\"true\" class=\"fab fa-instagram\"><\/i>\t\t\t\t<\/span>\n\t\t\t<\/div>\n\t\t\t\n\t\t\t\t\t\t<div class=\"elementor-icon-box-content\">\n\n\t\t\t\t\t\t\t\t\t<h3 class=\"elementor-icon-box-title\">\n\t\t\t\t\t\t<span  >\n\t\t\t\t\t\t\tFolgen Sie @yuqiao (\u8bed\u6865) - Ihr Tor zu flie\u00dfendem Chinesisch und Englisch\t\t\t\t\t\t<\/span>\n\t\t\t\t\t<\/h3>\n\t\t\t\t\n\t\t\t\t\t\t\t\t\t<p class=\"elementor-icon-box-description\">\n\t\t\t\t\t\tEgal, ob Sie ein Gesch\u00e4ftsmann sind, der Gesch\u00e4fte mit chinesischen Partnern abschlie\u00dfen m\u00f6chte, ein internationaler Student, der sich auf die HSK-Pr\u00fcfungen vorbereitet, ein Tourismusmitarbeiter, der Kontakte zu chinesischen Reisenden kn\u00fcpfen m\u00f6chte, oder ein Kulturliebhaber, der in die Geschichten hinter den chinesischen Traditionen eintauchen m\u00f6chte (und umgekehrt f\u00fcr Englischlernende!), @yuqiao (\u8bed\u6865) ist Ihre ma\u00dfgeschneiderte Sprachbr\u00fccke.<br>Wir unterrichten nicht einfach nur Vokabeln und Grammatik - wir entwickeln Lektionen, die sich an Ihren realen Bed\u00fcrfnissen orientieren: z. B. simulierte Gesch\u00e4ftsverhandlungen f\u00fcr international t\u00e4tige Manager, Eltern-Kind-Englischspiele f\u00fcr vielbesch\u00e4ftigte M\u00fctter, branchenspezifische Terminologie f\u00fcr Ingenieure und \"Kultur + Sprache\"-Tiefgang f\u00fcr Traditionsliebhaber.<br>Folgen Sie jetzt @yuqiao, um exklusive Lerntipps, echte Erfolgsgeschichten von Sch\u00fclern, Live-Fragen und Antworten mit unseren erfahrenen Lehrern und Einblicke in unsere szenariobasierten Kurse zu erhalten. Lassen Sie uns \"Ich kann nicht\" in \"Ich spreche flie\u00dfend\" verwandeln - gemeinsam, Schritt f\u00fcr Schritt.\t\t\t\t\t<\/p>\n\t\t\t\t\n\t\t\t<\/div>\n\t\t\t\n\t\t<\/div>\n\t\t\t\t\t\t<\/div>\n\t\t\t\t<\/div>\n\t\t\t\t<div class=\"elementor-element elementor-element-1857f8b elementor-widget elementor-widget-image\" data-id=\"1857f8b\" data-element_type=\"widget\" data-widget_type=\"image.default\">\n\t\t\t\t<div class=\"elementor-widget-container\">\n\t\t\t\t\t\t\t\t\t\t\t\t\t\t\t<img loading=\"lazy\" decoding=\"async\" width=\"2560\" height=\"488\" src=\"https:\/\/hotdeto.com\/wp-content\/uploads\/2025\/10\/WPS\u62fc\u56fe0-scaled.png\" class=\"attachment-full size-full wp-image-11728\" alt=\"wps\u62fc\u56fe0\" srcset=\"https:\/\/hotdeto.com\/wp-content\/uploads\/2025\/10\/WPS\u62fc\u56fe0-scaled.png 2560w, https:\/\/hotdeto.com\/wp-content\/uploads\/2025\/10\/WPS\u62fc\u56fe0-300x57.png 300w, https:\/\/hotdeto.com\/wp-content\/uploads\/2025\/10\/WPS\u62fc\u56fe0-1024x195.png 1024w, https:\/\/hotdeto.com\/wp-content\/uploads\/2025\/10\/WPS\u62fc\u56fe0-768x146.png 768w, https:\/\/hotdeto.com\/wp-content\/uploads\/2025\/10\/WPS\u62fc\u56fe0-1536x293.png 1536w, https:\/\/hotdeto.com\/wp-content\/uploads\/2025\/10\/WPS\u62fc\u56fe0-2048x390.png 2048w, https:\/\/hotdeto.com\/wp-content\/uploads\/2025\/10\/WPS\u62fc\u56fe0-18x3.png 18w\" sizes=\"(max-width: 2560px) 100vw, 2560px\" title=\"\u00dcber\">\t\t\t\t\t\t\t\t\t\t\t\t\t\t\t<\/div>\n\t\t\t\t<\/div>\n\t\t\t\t<\/div>\n\t\t\t\t<\/div>\n\t\t\t\t<\/div>","protected":false},"excerpt":{"rendered":"<p>Yuqiao (@yuqiao): Making Language Learning Connect to Real Life At Yuqiao (@yuqiao), we firmly believe that language is not just a collection of vocabulary and grammar rules\u2014it is a bridge that connects people, contexts, and cultures. Our journey began when we noticed a common struggle among language learners: courses were either too generic, leaving students [&hellip;]<\/p>","protected":false},"author":6,"featured_media":0,"parent":0,"menu_order":0,"comment_status":"closed","ping_status":"closed","template":"","meta":{"_kad_blocks_custom_css":"","_kad_blocks_head_custom_js":"","_kad_blocks_body_custom_js":"","_kad_blocks_footer_custom_js":"","site-sidebar-layout":"no-sidebar","site-content-layout":"page-builder","ast-site-content-layout":"default","site-content-style":"default","site-sidebar-style":"default","ast-global-header-display":"","ast-banner-title-visibility":"","ast-main-header-display":"","ast-hfb-above-header-display":"","ast-hfb-below-header-display":"","ast-hfb-mobile-header-display":"","site-post-title":"","ast-breadcrumbs-content":"disabled","ast-featured-img":"disabled","footer-sml-layout":"","theme-transparent-header-meta":"disabled","adv-header-id-meta":"","stick-header-meta":"","header-above-stick-meta":"","header-main-stick-meta":"","header-below-stick-meta":"","astra-migrate-meta-layouts":"default","ast-page-background-enabled":"default","ast-page-background-meta":{"desktop":{"background-color":"var(--ast-global-color-4)","background-image":"","background-repeat":"repeat","background-position":"center center","background-size":"auto","background-attachment":"scroll","background-type":"","background-media":"","overlay-type":"","overlay-color":"","overlay-opacity":"","overlay-gradient":""},"tablet":{"background-color":"","background-image":"","background-repeat":"repeat","background-position":"center center","background-size":"auto","background-attachment":"scroll","background-type":"","background-media":"","overlay-type":"","overlay-color":"","overlay-opacity":"","overlay-gradient":""},"mobile":{"background-color":"","background-image":"","background-repeat":"repeat","background-position":"center center","background-size":"auto","background-attachment":"scroll","background-type":"","background-media":"","overlay-type":"","overlay-color":"","overlay-opacity":"","overlay-gradient":""}},"ast-content-background-meta":{"desktop":{"background-color":"var(--ast-global-color-5)","background-image":"","background-repeat":"repeat","background-position":"center center","background-size":"auto","background-attachment":"scroll","background-type":"","background-media":"","overlay-type":"","overlay-color":"","overlay-opacity":"","overlay-gradient":""},"tablet":{"background-color":"var(--ast-global-color-5)","background-image":"","background-repeat":"repeat","background-position":"center center","background-size":"auto","background-attachment":"scroll","background-type":"","background-media":"","overlay-type":"","overlay-color":"","overlay-opacity":"","overlay-gradient":""},"mobile":{"background-color":"var(--ast-global-color-5)","background-image":"","background-repeat":"repeat","background-position":"center center","background-size":"auto","background-attachment":"scroll","background-type":"","background-media":"","overlay-type":"","overlay-color":"","overlay-opacity":"","overlay-gradient":""}},"_kadence_starter_templates_imported_post":false,"footnotes":""},"class_list":["post-103","page","type-page","status-publish","hentry"],"taxonomy_info":[],"featured_image_src_large":false,"author_info":{"display_name":"Win ZONG","author_link":"https:\/\/hotdeto.com\/de\/author\/win-zong\/"},"comment_info":0,"_links":{"self":[{"href":"https:\/\/hotdeto.com\/de\/wp-json\/wp\/v2\/pages\/103","targetHints":{"allow":["GET"]}}],"collection":[{"href":"https:\/\/hotdeto.com\/de\/wp-json\/wp\/v2\/pages"}],"about":[{"href":"https:\/\/hotdeto.com\/de\/wp-json\/wp\/v2\/types\/page"}],"author":[{"embeddable":true,"href":"https:\/\/hotdeto.com\/de\/wp-json\/wp\/v2\/users\/6"}],"replies":[{"embeddable":true,"href":"https:\/\/hotdeto.com\/de\/wp-json\/wp\/v2\/comments?post=103"}],"version-history":[{"count":15,"href":"https:\/\/hotdeto.com\/de\/wp-json\/wp\/v2\/pages\/103\/revisions"}],"predecessor-version":[{"id":11793,"href":"https:\/\/hotdeto.com\/de\/wp-json\/wp\/v2\/pages\/103\/revisions\/11793"}],"wp:attachment":[{"href":"https:\/\/hotdeto.com\/de\/wp-json\/wp\/v2\/media?parent=103"}],"curies":[{"name":"wp","href":"https:\/\/api.w.org\/{rel}","templated":true}]}}